{"id":564,"date":"2016-04-22T12:41:32","date_gmt":"2016-04-22T10:41:32","guid":{"rendered":"http:\/\/autyzmup.dev\/nasza-misja\/?lang=en"},"modified":"2016-06-06T18:41:26","modified_gmt":"2016-06-06T16:41:26","slug":"our-mission","status":"publish","type":"page","link":"https:\/\/autyzmup.org\/en\/our-mission\/","title":{"rendered":"Our mission"},"content":{"rendered":"<p> Our mission Our main goal is to build<br \/>\nand maintain a house for adults with autism. The facility will be under the patronage and therapeutic supervision of Polish Association of Behavioural Therapy and Polish Behavioral Therapist License.<br \/>\nAccording to the applicable law it can support three to eight adults.<br \/>\nIt may take us as long as ten years to build a house but the first buildings we plan to put within years.<br \/>\n All this is due to the needs of our children. In four years the first students leave school UMIEM.<br \/>\nAt present premises of the school there is no space to carry on development of provession.<br \/>\nThis part us where we plan to step in, as<br \/>\nAutyzm Up Foundation<br \/>\n    1 1<\/p>\n","protected":false},"excerpt":{"rendered":"<p>Our mission Our main goal is to build and maintain a house for adults with autism. The facility will be under the patronage and therapeutic supervision of Polish Association of Behavioural Therapy and Polish Behavioral Therapist License. According to the applicable law it can support three to eight adults. It may take us as long [&hellip;]<\/p>\n","protected":false},"author":1,"featured_media":0,"parent":0,"menu_order":0,"comment_status":"closed","ping_status":"closed","template":"page-tpl-nasza-misja.php","meta":{"ngg_post_thumbnail":0},"acf":[],"yoast_head":"<!-- This site is optimized with the Yoast SEO plugin v20.0 - https:\/\/yoast.com\/wordpress\/plugins\/seo\/ -->\n<title>Our mission - AutyzmUP<\/title>\n<meta name=\"robots\" content=\"index, follow, max-snippet:-1, max-image-preview:large, max-video-preview:-1\" \/>\n<link rel=\"canonical\" href=\"https:\/\/autyzmup.org\/en\/our-mission\/\" \/>\n<meta property=\"og:locale\" content=\"en_US\" \/>\n<meta property=\"og:type\" content=\"article\" \/>\n<meta property=\"og:title\" content=\"Our mission - AutyzmUP\" \/>\n<meta property=\"og:description\" content=\"Our mission Our main goal is to build and maintain a house for adults with autism. The facility will be under the patronage and therapeutic supervision of Polish Association of Behavioural Therapy and Polish Behavioral Therapist License. According to the applicable law it can support three to eight adults. It may take us as long [&hellip;]\" \/>\n<meta property=\"og:url\" content=\"https:\/\/autyzmup.org\/en\/our-mission\/\" \/>\n<meta property=\"og:site_name\" content=\"AutyzmUP\" \/>\n<meta property=\"article:modified_time\" content=\"2016-06-06T16:41:26+00:00\" \/>\n<meta name=\"twitter:card\" content=\"summary_large_image\" \/>\n<meta name=\"twitter:label1\" content=\"Est. reading time\" \/>\n\t<meta name=\"twitter:data1\" content=\"1 minute\" \/>\n<script type=\"application\/ld+json\" class=\"yoast-schema-graph\">{\"@context\":\"https:\/\/schema.org\",\"@graph\":[{\"@type\":\"WebPage\",\"@id\":\"https:\/\/autyzmup.org\/en\/our-mission\/\",\"url\":\"https:\/\/autyzmup.org\/en\/our-mission\/\",\"name\":\"Our mission - AutyzmUP\",\"isPartOf\":{\"@id\":\"https:\/\/autyzmup.org\/#website\"},\"datePublished\":\"2016-04-22T10:41:32+00:00\",\"dateModified\":\"2016-06-06T16:41:26+00:00\",\"breadcrumb\":{\"@id\":\"https:\/\/autyzmup.org\/en\/our-mission\/#breadcrumb\"},\"inLanguage\":\"en-US\",\"potentialAction\":[{\"@type\":\"ReadAction\",\"target\":[\"https:\/\/autyzmup.org\/en\/our-mission\/\"]}]},{\"@type\":\"BreadcrumbList\",\"@id\":\"https:\/\/autyzmup.org\/en\/our-mission\/#breadcrumb\",\"itemListElement\":[{\"@type\":\"ListItem\",\"position\":1,\"name\":\"Strona g\u0142\u00f3wna\",\"item\":\"https:\/\/autyzmup.org\/en\/\"},{\"@type\":\"ListItem\",\"position\":2,\"name\":\"Our mission\"}]},{\"@type\":\"WebSite\",\"@id\":\"https:\/\/autyzmup.org\/#website\",\"url\":\"https:\/\/autyzmup.org\/\",\"name\":\"AutyzmUP\",\"description\":\"Budujemy \u015bwiadom\u0105 spo\u0142eczno\u015b\u0107, kt&oacute;ra jest zaanga\u017cowana w popraw\u0119 jako\u015bci \u017cycia os&oacute;b z autyzmem i ich rodzin.\",\"publisher\":{\"@id\":\"https:\/\/autyzmup.org\/#organization\"},\"potentialAction\":[{\"@type\":\"SearchAction\",\"target\":{\"@type\":\"EntryPoint\",\"urlTemplate\":\"https:\/\/autyzmup.org\/?s={search_term_string}\"},\"query-input\":\"required name=search_term_string\"}],\"inLanguage\":\"en-US\"},{\"@type\":\"Organization\",\"@id\":\"https:\/\/autyzmup.org\/#organization\",\"name\":\"Fundacja Autyzm Up\",\"url\":\"https:\/\/autyzmup.org\/\",\"logo\":{\"@type\":\"ImageObject\",\"inLanguage\":\"en-US\",\"@id\":\"https:\/\/autyzmup.org\/#\/schema\/logo\/image\/\",\"url\":\"https:\/\/autyzmup.org\/wp-content\/uploads\/2019\/02\/login-h1-2.png\",\"contentUrl\":\"https:\/\/autyzmup.org\/wp-content\/uploads\/2019\/02\/login-h1-2.png\",\"width\":1427,\"height\":450,\"caption\":\"Fundacja Autyzm Up\"},\"image\":{\"@id\":\"https:\/\/autyzmup.org\/#\/schema\/logo\/image\/\"}}]}<\/script>\n<!-- \/ Yoast SEO plugin. -->","yoast_head_json":{"title":"Our mission - AutyzmUP","robots":{"index":"index","follow":"follow","max-snippet":"max-snippet:-1","max-image-preview":"max-image-preview:large","max-video-preview":"max-video-preview:-1"},"canonical":"https:\/\/autyzmup.org\/en\/our-mission\/","og_locale":"en_US","og_type":"article","og_title":"Our mission - AutyzmUP","og_description":"Our mission Our main goal is to build and maintain a house for adults with autism. The facility will be under the patronage and therapeutic supervision of Polish Association of Behavioural Therapy and Polish Behavioral Therapist License. According to the applicable law it can support three to eight adults. It may take us as long [&hellip;]","og_url":"https:\/\/autyzmup.org\/en\/our-mission\/","og_site_name":"AutyzmUP","article_modified_time":"2016-06-06T16:41:26+00:00","twitter_card":"summary_large_image","twitter_misc":{"Est. reading time":"1 minute"},"schema":{"@context":"https:\/\/schema.org","@graph":[{"@type":"WebPage","@id":"https:\/\/autyzmup.org\/en\/our-mission\/","url":"https:\/\/autyzmup.org\/en\/our-mission\/","name":"Our mission - AutyzmUP","isPartOf":{"@id":"https:\/\/autyzmup.org\/#website"},"datePublished":"2016-04-22T10:41:32+00:00","dateModified":"2016-06-06T16:41:26+00:00","breadcrumb":{"@id":"https:\/\/autyzmup.org\/en\/our-mission\/#breadcrumb"},"inLanguage":"en-US","potentialAction":[{"@type":"ReadAction","target":["https:\/\/autyzmup.org\/en\/our-mission\/"]}]},{"@type":"BreadcrumbList","@id":"https:\/\/autyzmup.org\/en\/our-mission\/#breadcrumb","itemListElement":[{"@type":"ListItem","position":1,"name":"Strona g\u0142\u00f3wna","item":"https:\/\/autyzmup.org\/en\/"},{"@type":"ListItem","position":2,"name":"Our mission"}]},{"@type":"WebSite","@id":"https:\/\/autyzmup.org\/#website","url":"https:\/\/autyzmup.org\/","name":"AutyzmUP","description":"Budujemy \u015bwiadom\u0105 spo\u0142eczno\u015b\u0107, kt&oacute;ra jest zaanga\u017cowana w popraw\u0119 jako\u015bci \u017cycia os&oacute;b z autyzmem i ich rodzin.","publisher":{"@id":"https:\/\/autyzmup.org\/#organization"},"potentialAction":[{"@type":"SearchAction","target":{"@type":"EntryPoint","urlTemplate":"https:\/\/autyzmup.org\/?s={search_term_string}"},"query-input":"required name=search_term_string"}],"inLanguage":"en-US"},{"@type":"Organization","@id":"https:\/\/autyzmup.org\/#organization","name":"Fundacja Autyzm Up","url":"https:\/\/autyzmup.org\/","logo":{"@type":"ImageObject","inLanguage":"en-US","@id":"https:\/\/autyzmup.org\/#\/schema\/logo\/image\/","url":"https:\/\/autyzmup.org\/wp-content\/uploads\/2019\/02\/login-h1-2.png","contentUrl":"https:\/\/autyzmup.org\/wp-content\/uploads\/2019\/02\/login-h1-2.png","width":1427,"height":450,"caption":"Fundacja Autyzm Up"},"image":{"@id":"https:\/\/autyzmup.org\/#\/schema\/logo\/image\/"}}]}},"_links":{"self":[{"href":"https:\/\/autyzmup.org\/en\/wp-json\/wp\/v2\/pages\/564"}],"collection":[{"href":"https:\/\/autyzmup.org\/en\/wp-json\/wp\/v2\/pages"}],"about":[{"href":"https:\/\/autyzmup.org\/en\/wp-json\/wp\/v2\/types\/page"}],"author":[{"embeddable":true,"href":"https:\/\/autyzmup.org\/en\/wp-json\/wp\/v2\/users\/1"}],"replies":[{"embeddable":true,"href":"https:\/\/autyzmup.org\/en\/wp-json\/wp\/v2\/comments?post=564"}],"version-history":[{"count":0,"href":"https:\/\/autyzmup.org\/en\/wp-json\/wp\/v2\/pages\/564\/revisions"}],"wp:attachment":[{"href":"https:\/\/autyzmup.org\/en\/wp-json\/wp\/v2\/media?parent=564"}],"curies":[{"name":"wp","href":"https:\/\/api.w.org\/{rel}","templated":true}]}}