{"id":500,"date":"2016-04-25T17:14:54","date_gmt":"2016-04-25T15:14:54","guid":{"rendered":"http:\/\/autyzmup.dev\/twoja-cegielka\/?lang=en"},"modified":"2016-06-05T22:03:17","modified_gmt":"2016-06-05T20:03:17","slug":"twoja-cegielka","status":"publish","type":"page","link":"https:\/\/autyzmup.org\/en\/twoja-cegielka\/","title":{"rendered":"Your donation"},"content":{"rendered":"","protected":false},"excerpt":{"rendered":"","protected":false},"author":1,"featured_media":0,"parent":0,"menu_order":0,"comment_status":"closed","ping_status":"closed","template":"page-tpl-twoja-cegielka.php","meta":{"ngg_post_thumbnail":0},"acf":[],"yoast_head":"<!-- This site is optimized with the Yoast SEO plugin v20.0 - https:\/\/yoast.com\/wordpress\/plugins\/seo\/ -->\n<title>Your donation - AutyzmUP<\/title>\n<meta name=\"robots\" content=\"index, follow, max-snippet:-1, max-image-preview:large, max-video-preview:-1\" \/>\n<link rel=\"canonical\" href=\"https:\/\/autyzmup.org\/en\/twoja-cegielka\/\" \/>\n<meta property=\"og:locale\" content=\"en_US\" \/>\n<meta property=\"og:type\" content=\"article\" \/>\n<meta property=\"og:title\" content=\"Your donation - AutyzmUP\" \/>\n<meta property=\"og:url\" content=\"https:\/\/autyzmup.org\/en\/twoja-cegielka\/\" \/>\n<meta property=\"og:site_name\" content=\"AutyzmUP\" \/>\n<meta property=\"article:modified_time\" content=\"2016-06-05T20:03:17+00:00\" \/>\n<meta name=\"twitter:card\" content=\"summary_large_image\" \/>\n<script type=\"application\/ld+json\" class=\"yoast-schema-graph\">{\"@context\":\"https:\/\/schema.org\",\"@graph\":[{\"@type\":\"WebPage\",\"@id\":\"https:\/\/autyzmup.org\/en\/twoja-cegielka\/\",\"url\":\"https:\/\/autyzmup.org\/en\/twoja-cegielka\/\",\"name\":\"Your donation - AutyzmUP\",\"isPartOf\":{\"@id\":\"https:\/\/autyzmup.org\/#website\"},\"datePublished\":\"2016-04-25T15:14:54+00:00\",\"dateModified\":\"2016-06-05T20:03:17+00:00\",\"breadcrumb\":{\"@id\":\"https:\/\/autyzmup.org\/en\/twoja-cegielka\/#breadcrumb\"},\"inLanguage\":\"en-US\",\"potentialAction\":[{\"@type\":\"ReadAction\",\"target\":[\"https:\/\/autyzmup.org\/en\/twoja-cegielka\/\"]}]},{\"@type\":\"BreadcrumbList\",\"@id\":\"https:\/\/autyzmup.org\/en\/twoja-cegielka\/#breadcrumb\",\"itemListElement\":[{\"@type\":\"ListItem\",\"position\":1,\"name\":\"Strona g\u0142\u00f3wna\",\"item\":\"https:\/\/autyzmup.org\/en\/\"},{\"@type\":\"ListItem\",\"position\":2,\"name\":\"Your donation\"}]},{\"@type\":\"WebSite\",\"@id\":\"https:\/\/autyzmup.org\/#website\",\"url\":\"https:\/\/autyzmup.org\/\",\"name\":\"AutyzmUP\",\"description\":\"Budujemy \u015bwiadom\u0105 spo\u0142eczno\u015b\u0107, kt&oacute;ra jest zaanga\u017cowana w popraw\u0119 jako\u015bci \u017cycia os&oacute;b z autyzmem i ich rodzin.\",\"publisher\":{\"@id\":\"https:\/\/autyzmup.org\/#organization\"},\"potentialAction\":[{\"@type\":\"SearchAction\",\"target\":{\"@type\":\"EntryPoint\",\"urlTemplate\":\"https:\/\/autyzmup.org\/?s={search_term_string}\"},\"query-input\":\"required name=search_term_string\"}],\"inLanguage\":\"en-US\"},{\"@type\":\"Organization\",\"@id\":\"https:\/\/autyzmup.org\/#organization\",\"name\":\"Fundacja Autyzm Up\",\"url\":\"https:\/\/autyzmup.org\/\",\"logo\":{\"@type\":\"ImageObject\",\"inLanguage\":\"en-US\",\"@id\":\"https:\/\/autyzmup.org\/#\/schema\/logo\/image\/\",\"url\":\"https:\/\/autyzmup.org\/wp-content\/uploads\/2019\/02\/login-h1-2.png\",\"contentUrl\":\"https:\/\/autyzmup.org\/wp-content\/uploads\/2019\/02\/login-h1-2.png\",\"width\":1427,\"height\":450,\"caption\":\"Fundacja Autyzm Up\"},\"image\":{\"@id\":\"https:\/\/autyzmup.org\/#\/schema\/logo\/image\/\"}}]}<\/script>\n<!-- \/ Yoast SEO plugin. -->","yoast_head_json":{"title":"Your donation - AutyzmUP","robots":{"index":"index","follow":"follow","max-snippet":"max-snippet:-1","max-image-preview":"max-image-preview:large","max-video-preview":"max-video-preview:-1"},"canonical":"https:\/\/autyzmup.org\/en\/twoja-cegielka\/","og_locale":"en_US","og_type":"article","og_title":"Your donation - AutyzmUP","og_url":"https:\/\/autyzmup.org\/en\/twoja-cegielka\/","og_site_name":"AutyzmUP","article_modified_time":"2016-06-05T20:03:17+00:00","twitter_card":"summary_large_image","schema":{"@context":"https:\/\/schema.org","@graph":[{"@type":"WebPage","@id":"https:\/\/autyzmup.org\/en\/twoja-cegielka\/","url":"https:\/\/autyzmup.org\/en\/twoja-cegielka\/","name":"Your donation - AutyzmUP","isPartOf":{"@id":"https:\/\/autyzmup.org\/#website"},"datePublished":"2016-04-25T15:14:54+00:00","dateModified":"2016-06-05T20:03:17+00:00","breadcrumb":{"@id":"https:\/\/autyzmup.org\/en\/twoja-cegielka\/#breadcrumb"},"inLanguage":"en-US","potentialAction":[{"@type":"ReadAction","target":["https:\/\/autyzmup.org\/en\/twoja-cegielka\/"]}]},{"@type":"BreadcrumbList","@id":"https:\/\/autyzmup.org\/en\/twoja-cegielka\/#breadcrumb","itemListElement":[{"@type":"ListItem","position":1,"name":"Strona g\u0142\u00f3wna","item":"https:\/\/autyzmup.org\/en\/"},{"@type":"ListItem","position":2,"name":"Your donation"}]},{"@type":"WebSite","@id":"https:\/\/autyzmup.org\/#website","url":"https:\/\/autyzmup.org\/","name":"AutyzmUP","description":"Budujemy \u015bwiadom\u0105 spo\u0142eczno\u015b\u0107, kt&oacute;ra jest zaanga\u017cowana w popraw\u0119 jako\u015bci \u017cycia os&oacute;b z autyzmem i ich rodzin.","publisher":{"@id":"https:\/\/autyzmup.org\/#organization"},"potentialAction":[{"@type":"SearchAction","target":{"@type":"EntryPoint","urlTemplate":"https:\/\/autyzmup.org\/?s={search_term_string}"},"query-input":"required name=search_term_string"}],"inLanguage":"en-US"},{"@type":"Organization","@id":"https:\/\/autyzmup.org\/#organization","name":"Fundacja Autyzm Up","url":"https:\/\/autyzmup.org\/","logo":{"@type":"ImageObject","inLanguage":"en-US","@id":"https:\/\/autyzmup.org\/#\/schema\/logo\/image\/","url":"https:\/\/autyzmup.org\/wp-content\/uploads\/2019\/02\/login-h1-2.png","contentUrl":"https:\/\/autyzmup.org\/wp-content\/uploads\/2019\/02\/login-h1-2.png","width":1427,"height":450,"caption":"Fundacja Autyzm Up"},"image":{"@id":"https:\/\/autyzmup.org\/#\/schema\/logo\/image\/"}}]}},"_links":{"self":[{"href":"https:\/\/autyzmup.org\/en\/wp-json\/wp\/v2\/pages\/500"}],"collection":[{"href":"https:\/\/autyzmup.org\/en\/wp-json\/wp\/v2\/pages"}],"about":[{"href":"https:\/\/autyzmup.org\/en\/wp-json\/wp\/v2\/types\/page"}],"author":[{"embeddable":true,"href":"https:\/\/autyzmup.org\/en\/wp-json\/wp\/v2\/users\/1"}],"replies":[{"embeddable":true,"href":"https:\/\/autyzmup.org\/en\/wp-json\/wp\/v2\/comments?post=500"}],"version-history":[{"count":0,"href":"https:\/\/autyzmup.org\/en\/wp-json\/wp\/v2\/pages\/500\/revisions"}],"wp:attachment":[{"href":"https:\/\/autyzmup.org\/en\/wp-json\/wp\/v2\/media?parent=500"}],"curies":[{"name":"wp","href":"https:\/\/api.w.org\/{rel}","templated":true}]}}