{"id":441,"date":"2016-04-26T11:19:38","date_gmt":"2016-04-26T09:19:38","guid":{"rendered":"http:\/\/autyzmup.dev\/multimedia\/?lang=en"},"modified":"2019-12-01T15:34:09","modified_gmt":"2019-12-01T14:34:09","slug":"multimedia","status":"publish","type":"page","link":"https:\/\/autyzmup.org\/en\/multimedia\/","title":{"rendered":"Multimedia"},"content":{"rendered":"\n<figure class=\"wp-block-embed-youtube wp-block-embed is-type-video is-provider-youtube wp-embed-aspect-16-9 wp-has-aspect-ratio\"><div class=\"wp-block-embed__wrapper\">\n<iframe loading=\"lazy\"  style=\"display: block; margin: 0px auto;\"  id=\"_ytid_97129\"  width=\"480\" height=\"270\"  data-origwidth=\"480\" data-origheight=\"270\" src=\"https:\/\/www.youtube.com\/embed\/4gB_XVOwNrY?enablejsapi=1&#038;autoplay=0&#038;cc_load_policy=0&#038;cc_lang_pref=&#038;iv_load_policy=1&#038;loop=0&#038;modestbranding=0&#038;rel=1&#038;fs=1&#038;playsinline=1&#038;autohide=2&#038;theme=dark&#038;color=red&#038;controls=1&#038;\" class=\"__youtube_prefs__  epyt-is-override  no-lazyload\" title=\"YouTube player\"  allow=\"accelerometer; autoplay; clipboard-write; encrypted-media; gyroscope; picture-in-picture\" allowfullscreen data-no-lazy=\"1\" data-skipgform_ajax_framebjll=\"\"><\/iframe>\n<\/div><\/figure>\n","protected":false},"excerpt":{"rendered":"","protected":false},"author":1,"featured_media":0,"parent":0,"menu_order":0,"comment_status":"closed","ping_status":"closed","template":"page-tpl-multimedia.php","meta":{"ngg_post_thumbnail":0},"acf":[],"yoast_head":"<!-- This site is optimized with the Yoast SEO plugin v20.0 - https:\/\/yoast.com\/wordpress\/plugins\/seo\/ -->\n<title>Multimedia - AutyzmUP<\/title>\n<meta name=\"robots\" content=\"index, follow, max-snippet:-1, max-image-preview:large, max-video-preview:-1\" \/>\n<link rel=\"canonical\" href=\"https:\/\/autyzmup.org\/en\/multimedia\/\" \/>\n<meta property=\"og:locale\" content=\"en_US\" \/>\n<meta property=\"og:type\" content=\"article\" \/>\n<meta property=\"og:title\" content=\"Multimedia - AutyzmUP\" \/>\n<meta property=\"og:url\" content=\"https:\/\/autyzmup.org\/en\/multimedia\/\" \/>\n<meta property=\"og:site_name\" content=\"AutyzmUP\" \/>\n<meta property=\"article:modified_time\" content=\"2019-12-01T14:34:09+00:00\" \/>\n<meta name=\"twitter:card\" content=\"summary_large_image\" \/>\n<script type=\"application\/ld+json\" class=\"yoast-schema-graph\">{\"@context\":\"https:\/\/schema.org\",\"@graph\":[{\"@type\":\"WebPage\",\"@id\":\"https:\/\/autyzmup.org\/en\/multimedia\/\",\"url\":\"https:\/\/autyzmup.org\/en\/multimedia\/\",\"name\":\"Multimedia - AutyzmUP\",\"isPartOf\":{\"@id\":\"https:\/\/autyzmup.org\/#website\"},\"datePublished\":\"2016-04-26T09:19:38+00:00\",\"dateModified\":\"2019-12-01T14:34:09+00:00\",\"breadcrumb\":{\"@id\":\"https:\/\/autyzmup.org\/en\/multimedia\/#breadcrumb\"},\"inLanguage\":\"en-US\",\"potentialAction\":[{\"@type\":\"ReadAction\",\"target\":[\"https:\/\/autyzmup.org\/en\/multimedia\/\"]}]},{\"@type\":\"BreadcrumbList\",\"@id\":\"https:\/\/autyzmup.org\/en\/multimedia\/#breadcrumb\",\"itemListElement\":[{\"@type\":\"ListItem\",\"position\":1,\"name\":\"Strona g\u0142\u00f3wna\",\"item\":\"https:\/\/autyzmup.org\/en\/\"},{\"@type\":\"ListItem\",\"position\":2,\"name\":\"Multimedia\"}]},{\"@type\":\"WebSite\",\"@id\":\"https:\/\/autyzmup.org\/#website\",\"url\":\"https:\/\/autyzmup.org\/\",\"name\":\"AutyzmUP\",\"description\":\"Budujemy \u015bwiadom\u0105 spo\u0142eczno\u015b\u0107, kt&oacute;ra jest zaanga\u017cowana w popraw\u0119 jako\u015bci \u017cycia os&oacute;b z autyzmem i ich rodzin.\",\"publisher\":{\"@id\":\"https:\/\/autyzmup.org\/#organization\"},\"potentialAction\":[{\"@type\":\"SearchAction\",\"target\":{\"@type\":\"EntryPoint\",\"urlTemplate\":\"https:\/\/autyzmup.org\/?s={search_term_string}\"},\"query-input\":\"required name=search_term_string\"}],\"inLanguage\":\"en-US\"},{\"@type\":\"Organization\",\"@id\":\"https:\/\/autyzmup.org\/#organization\",\"name\":\"Fundacja Autyzm Up\",\"url\":\"https:\/\/autyzmup.org\/\",\"logo\":{\"@type\":\"ImageObject\",\"inLanguage\":\"en-US\",\"@id\":\"https:\/\/autyzmup.org\/#\/schema\/logo\/image\/\",\"url\":\"https:\/\/autyzmup.org\/wp-content\/uploads\/2019\/02\/login-h1-2.png\",\"contentUrl\":\"https:\/\/autyzmup.org\/wp-content\/uploads\/2019\/02\/login-h1-2.png\",\"width\":1427,\"height\":450,\"caption\":\"Fundacja Autyzm Up\"},\"image\":{\"@id\":\"https:\/\/autyzmup.org\/#\/schema\/logo\/image\/\"}}]}<\/script>\n<!-- \/ Yoast SEO plugin. -->","yoast_head_json":{"title":"Multimedia - AutyzmUP","robots":{"index":"index","follow":"follow","max-snippet":"max-snippet:-1","max-image-preview":"max-image-preview:large","max-video-preview":"max-video-preview:-1"},"canonical":"https:\/\/autyzmup.org\/en\/multimedia\/","og_locale":"en_US","og_type":"article","og_title":"Multimedia - AutyzmUP","og_url":"https:\/\/autyzmup.org\/en\/multimedia\/","og_site_name":"AutyzmUP","article_modified_time":"2019-12-01T14:34:09+00:00","twitter_card":"summary_large_image","schema":{"@context":"https:\/\/schema.org","@graph":[{"@type":"WebPage","@id":"https:\/\/autyzmup.org\/en\/multimedia\/","url":"https:\/\/autyzmup.org\/en\/multimedia\/","name":"Multimedia - AutyzmUP","isPartOf":{"@id":"https:\/\/autyzmup.org\/#website"},"datePublished":"2016-04-26T09:19:38+00:00","dateModified":"2019-12-01T14:34:09+00:00","breadcrumb":{"@id":"https:\/\/autyzmup.org\/en\/multimedia\/#breadcrumb"},"inLanguage":"en-US","potentialAction":[{"@type":"ReadAction","target":["https:\/\/autyzmup.org\/en\/multimedia\/"]}]},{"@type":"BreadcrumbList","@id":"https:\/\/autyzmup.org\/en\/multimedia\/#breadcrumb","itemListElement":[{"@type":"ListItem","position":1,"name":"Strona g\u0142\u00f3wna","item":"https:\/\/autyzmup.org\/en\/"},{"@type":"ListItem","position":2,"name":"Multimedia"}]},{"@type":"WebSite","@id":"https:\/\/autyzmup.org\/#website","url":"https:\/\/autyzmup.org\/","name":"AutyzmUP","description":"Budujemy \u015bwiadom\u0105 spo\u0142eczno\u015b\u0107, kt&oacute;ra jest zaanga\u017cowana w popraw\u0119 jako\u015bci \u017cycia os&oacute;b z autyzmem i ich rodzin.","publisher":{"@id":"https:\/\/autyzmup.org\/#organization"},"potentialAction":[{"@type":"SearchAction","target":{"@type":"EntryPoint","urlTemplate":"https:\/\/autyzmup.org\/?s={search_term_string}"},"query-input":"required name=search_term_string"}],"inLanguage":"en-US"},{"@type":"Organization","@id":"https:\/\/autyzmup.org\/#organization","name":"Fundacja Autyzm Up","url":"https:\/\/autyzmup.org\/","logo":{"@type":"ImageObject","inLanguage":"en-US","@id":"https:\/\/autyzmup.org\/#\/schema\/logo\/image\/","url":"https:\/\/autyzmup.org\/wp-content\/uploads\/2019\/02\/login-h1-2.png","contentUrl":"https:\/\/autyzmup.org\/wp-content\/uploads\/2019\/02\/login-h1-2.png","width":1427,"height":450,"caption":"Fundacja Autyzm Up"},"image":{"@id":"https:\/\/autyzmup.org\/#\/schema\/logo\/image\/"}}]}},"_links":{"self":[{"href":"https:\/\/autyzmup.org\/en\/wp-json\/wp\/v2\/pages\/441"}],"collection":[{"href":"https:\/\/autyzmup.org\/en\/wp-json\/wp\/v2\/pages"}],"about":[{"href":"https:\/\/autyzmup.org\/en\/wp-json\/wp\/v2\/types\/page"}],"author":[{"embeddable":true,"href":"https:\/\/autyzmup.org\/en\/wp-json\/wp\/v2\/users\/1"}],"replies":[{"embeddable":true,"href":"https:\/\/autyzmup.org\/en\/wp-json\/wp\/v2\/comments?post=441"}],"version-history":[{"count":0,"href":"https:\/\/autyzmup.org\/en\/wp-json\/wp\/v2\/pages\/441\/revisions"}],"wp:attachment":[{"href":"https:\/\/autyzmup.org\/en\/wp-json\/wp\/v2\/media?parent=441"}],"curies":[{"name":"wp","href":"https:\/\/api.w.org\/{rel}","templated":true}]}}