{"id":1863,"date":"2019-12-31T09:04:51","date_gmt":"2019-12-31T08:04:51","guid":{"rendered":"https:\/\/autyzmup.org\/dom\/"},"modified":"2021-05-04T08:42:42","modified_gmt":"2021-05-04T06:42:42","slug":"kampus","status":"publish","type":"page","link":"https:\/\/autyzmup.org\/en\/kampus\/","title":{"rendered":"Kampus Autyzm Up"},"content":{"rendered":"\n<h2>Autyzm Up Center<\/h2>\n\n\n\n<figure class=\"is-layout-flex wp-block-gallery-1 wp-block-gallery columns-3 is-cropped\"><ul class=\"blocks-gallery-grid\"><li class=\"blocks-gallery-item\"><figure><a href=\"https:\/\/autyzmup.org\/wp-content\/uploads\/2019\/12\/w18.jpg\"><img decoding=\"async\" loading=\"lazy\" width=\"1024\" height=\"625\" src=\"https:\/\/autyzmup.org\/wp-content\/uploads\/2019\/12\/w18-1024x625.jpg\" alt=\"\" data-id=\"1784\" data-full-url=\"https:\/\/autyzmup.org\/wp-content\/uploads\/2019\/12\/w18.jpg\" data-link=\"https:\/\/autyzmup.org\/mmedia\/wizualizacja-centrum-autyzm-up\/w18\/\" class=\"wp-image-1784\" srcset=\"https:\/\/autyzmup.org\/wp-content\/uploads\/2019\/12\/w18-1024x625.jpg 1024w, https:\/\/autyzmup.org\/wp-content\/uploads\/2019\/12\/w18-600x366.jpg 600w, https:\/\/autyzmup.org\/wp-content\/uploads\/2019\/12\/w18-300x183.jpg 300w, https:\/\/autyzmup.org\/wp-content\/uploads\/2019\/12\/w18-768x469.jpg 768w, https:\/\/autyzmup.org\/wp-content\/uploads\/2019\/12\/w18.jpg 1467w\" sizes=\"(max-width: 1024px) 100vw, 1024px\" \/><\/a><\/figure><\/li><li class=\"blocks-gallery-item\"><figure><a href=\"https:\/\/autyzmup.org\/wp-content\/uploads\/2019\/12\/w17.jpg\"><img decoding=\"async\" loading=\"lazy\" width=\"1024\" height=\"625\" src=\"https:\/\/autyzmup.org\/wp-content\/uploads\/2019\/12\/w17-1024x625.jpg\" alt=\"\" data-id=\"1782\" data-full-url=\"https:\/\/autyzmup.org\/wp-content\/uploads\/2019\/12\/w17.jpg\" data-link=\"https:\/\/autyzmup.org\/mmedia\/wizualizacja-centrum-autyzm-up\/w17\/\" class=\"wp-image-1782\" srcset=\"https:\/\/autyzmup.org\/wp-content\/uploads\/2019\/12\/w17-1024x625.jpg 1024w, https:\/\/autyzmup.org\/wp-content\/uploads\/2019\/12\/w17-600x366.jpg 600w, https:\/\/autyzmup.org\/wp-content\/uploads\/2019\/12\/w17-300x183.jpg 300w, https:\/\/autyzmup.org\/wp-content\/uploads\/2019\/12\/w17-768x469.jpg 768w, https:\/\/autyzmup.org\/wp-content\/uploads\/2019\/12\/w17.jpg 1467w\" sizes=\"(max-width: 1024px) 100vw, 1024px\" \/><\/a><\/figure><\/li><li class=\"blocks-gallery-item\"><figure><a href=\"https:\/\/autyzmup.org\/wp-content\/uploads\/2019\/12\/w16.jpg\"><img decoding=\"async\" loading=\"lazy\" width=\"1024\" height=\"625\" src=\"https:\/\/autyzmup.org\/wp-content\/uploads\/2019\/12\/w16-1024x625.jpg\" alt=\"\" data-id=\"1780\" data-full-url=\"https:\/\/autyzmup.org\/wp-content\/uploads\/2019\/12\/w16.jpg\" data-link=\"https:\/\/autyzmup.org\/mmedia\/wizualizacja-centrum-autyzm-up\/w16\/\" class=\"wp-image-1780\" srcset=\"https:\/\/autyzmup.org\/wp-content\/uploads\/2019\/12\/w16-1024x625.jpg 1024w, https:\/\/autyzmup.org\/wp-content\/uploads\/2019\/12\/w16-600x366.jpg 600w, https:\/\/autyzmup.org\/wp-content\/uploads\/2019\/12\/w16-300x183.jpg 300w, https:\/\/autyzmup.org\/wp-content\/uploads\/2019\/12\/w16-768x469.jpg 768w, https:\/\/autyzmup.org\/wp-content\/uploads\/2019\/12\/w16.jpg 1467w\" sizes=\"(max-width: 1024px) 100vw, 1024px\" \/><\/a><\/figure><\/li><li class=\"blocks-gallery-item\"><figure><a href=\"https:\/\/autyzmup.org\/wp-content\/uploads\/2019\/12\/w15.jpg\"><img decoding=\"async\" loading=\"lazy\" width=\"1024\" height=\"625\" src=\"https:\/\/autyzmup.org\/wp-content\/uploads\/2019\/12\/w15-1024x625.jpg\" alt=\"\" data-id=\"1778\" data-full-url=\"https:\/\/autyzmup.org\/wp-content\/uploads\/2019\/12\/w15.jpg\" data-link=\"https:\/\/autyzmup.org\/mmedia\/wizualizacja-centrum-autyzm-up\/w15\/\" class=\"wp-image-1778\" srcset=\"https:\/\/autyzmup.org\/wp-content\/uploads\/2019\/12\/w15-1024x625.jpg 1024w, https:\/\/autyzmup.org\/wp-content\/uploads\/2019\/12\/w15-600x366.jpg 600w, https:\/\/autyzmup.org\/wp-content\/uploads\/2019\/12\/w15-300x183.jpg 300w, https:\/\/autyzmup.org\/wp-content\/uploads\/2019\/12\/w15-768x469.jpg 768w, https:\/\/autyzmup.org\/wp-content\/uploads\/2019\/12\/w15.jpg 1467w\" sizes=\"(max-width: 1024px) 100vw, 1024px\" \/><\/a><\/figure><\/li><li class=\"blocks-gallery-item\"><figure><a href=\"https:\/\/autyzmup.org\/wp-content\/uploads\/2019\/12\/w14.jpg\"><img decoding=\"async\" loading=\"lazy\" width=\"1024\" height=\"625\" src=\"https:\/\/autyzmup.org\/wp-content\/uploads\/2019\/12\/w14-1024x625.jpg\" alt=\"\" data-id=\"1776\" data-full-url=\"https:\/\/autyzmup.org\/wp-content\/uploads\/2019\/12\/w14.jpg\" data-link=\"https:\/\/autyzmup.org\/mmedia\/wizualizacja-centrum-autyzm-up\/w14\/\" class=\"wp-image-1776\" srcset=\"https:\/\/autyzmup.org\/wp-content\/uploads\/2019\/12\/w14-1024x625.jpg 1024w, https:\/\/autyzmup.org\/wp-content\/uploads\/2019\/12\/w14-600x366.jpg 600w, https:\/\/autyzmup.org\/wp-content\/uploads\/2019\/12\/w14-300x183.jpg 300w, https:\/\/autyzmup.org\/wp-content\/uploads\/2019\/12\/w14-768x469.jpg 768w, https:\/\/autyzmup.org\/wp-content\/uploads\/2019\/12\/w14.jpg 1467w\" sizes=\"(max-width: 1024px) 100vw, 1024px\" \/><\/a><\/figure><\/li><li class=\"blocks-gallery-item\"><figure><a href=\"https:\/\/autyzmup.org\/wp-content\/uploads\/2019\/12\/w12.jpg\"><img decoding=\"async\" loading=\"lazy\" width=\"1024\" height=\"625\" src=\"https:\/\/autyzmup.org\/wp-content\/uploads\/2019\/12\/w12-1024x625.jpg\" alt=\"\" data-id=\"1774\" data-full-url=\"https:\/\/autyzmup.org\/wp-content\/uploads\/2019\/12\/w12.jpg\" data-link=\"https:\/\/autyzmup.org\/mmedia\/wizualizacja-centrum-autyzm-up\/w12\/\" class=\"wp-image-1774\" srcset=\"https:\/\/autyzmup.org\/wp-content\/uploads\/2019\/12\/w12-1024x625.jpg 1024w, https:\/\/autyzmup.org\/wp-content\/uploads\/2019\/12\/w12-600x366.jpg 600w, https:\/\/autyzmup.org\/wp-content\/uploads\/2019\/12\/w12-300x183.jpg 300w, https:\/\/autyzmup.org\/wp-content\/uploads\/2019\/12\/w12-768x469.jpg 768w, https:\/\/autyzmup.org\/wp-content\/uploads\/2019\/12\/w12.jpg 1467w\" sizes=\"(max-width: 1024px) 100vw, 1024px\" \/><\/a><\/figure><\/li><li class=\"blocks-gallery-item\"><figure><a href=\"https:\/\/autyzmup.org\/wp-content\/uploads\/2019\/12\/w11.jpg\"><img decoding=\"async\" loading=\"lazy\" width=\"1024\" height=\"625\" src=\"https:\/\/autyzmup.org\/wp-content\/uploads\/2019\/12\/w11-1024x625.jpg\" alt=\"\" data-id=\"1772\" data-full-url=\"https:\/\/autyzmup.org\/wp-content\/uploads\/2019\/12\/w11.jpg\" data-link=\"https:\/\/autyzmup.org\/mmedia\/wizualizacja-centrum-autyzm-up\/w11\/\" class=\"wp-image-1772\" srcset=\"https:\/\/autyzmup.org\/wp-content\/uploads\/2019\/12\/w11-1024x625.jpg 1024w, https:\/\/autyzmup.org\/wp-content\/uploads\/2019\/12\/w11-600x366.jpg 600w, https:\/\/autyzmup.org\/wp-content\/uploads\/2019\/12\/w11-300x183.jpg 300w, https:\/\/autyzmup.org\/wp-content\/uploads\/2019\/12\/w11-768x469.jpg 768w, https:\/\/autyzmup.org\/wp-content\/uploads\/2019\/12\/w11.jpg 1467w\" sizes=\"(max-width: 1024px) 100vw, 1024px\" \/><\/a><\/figure><\/li><li class=\"blocks-gallery-item\"><figure><a href=\"https:\/\/autyzmup.org\/wp-content\/uploads\/2019\/12\/w09.jpg\"><img decoding=\"async\" loading=\"lazy\" width=\"1024\" height=\"625\" src=\"https:\/\/autyzmup.org\/wp-content\/uploads\/2019\/12\/w09-1024x625.jpg\" alt=\"\" data-id=\"1770\" data-full-url=\"https:\/\/autyzmup.org\/wp-content\/uploads\/2019\/12\/w09.jpg\" data-link=\"https:\/\/autyzmup.org\/mmedia\/wizualizacja-centrum-autyzm-up\/w09\/\" class=\"wp-image-1770\" srcset=\"https:\/\/autyzmup.org\/wp-content\/uploads\/2019\/12\/w09-1024x625.jpg 1024w, https:\/\/autyzmup.org\/wp-content\/uploads\/2019\/12\/w09-600x366.jpg 600w, https:\/\/autyzmup.org\/wp-content\/uploads\/2019\/12\/w09-300x183.jpg 300w, https:\/\/autyzmup.org\/wp-content\/uploads\/2019\/12\/w09-768x469.jpg 768w, https:\/\/autyzmup.org\/wp-content\/uploads\/2019\/12\/w09.jpg 1467w\" sizes=\"(max-width: 1024px) 100vw, 1024px\" \/><\/a><\/figure><\/li><li class=\"blocks-gallery-item\"><figure><a href=\"https:\/\/autyzmup.org\/wp-content\/uploads\/2019\/12\/w08.jpg\"><img decoding=\"async\" loading=\"lazy\" width=\"1024\" height=\"625\" src=\"https:\/\/autyzmup.org\/wp-content\/uploads\/2019\/12\/w08-1024x625.jpg\" alt=\"\" data-id=\"1768\" data-full-url=\"https:\/\/autyzmup.org\/wp-content\/uploads\/2019\/12\/w08.jpg\" data-link=\"https:\/\/autyzmup.org\/mmedia\/wizualizacja-centrum-autyzm-up\/w08\/\" class=\"wp-image-1768\" srcset=\"https:\/\/autyzmup.org\/wp-content\/uploads\/2019\/12\/w08-1024x625.jpg 1024w, https:\/\/autyzmup.org\/wp-content\/uploads\/2019\/12\/w08-600x366.jpg 600w, https:\/\/autyzmup.org\/wp-content\/uploads\/2019\/12\/w08-300x183.jpg 300w, https:\/\/autyzmup.org\/wp-content\/uploads\/2019\/12\/w08-768x469.jpg 768w, https:\/\/autyzmup.org\/wp-content\/uploads\/2019\/12\/w08.jpg 1467w\" sizes=\"(max-width: 1024px) 100vw, 1024px\" \/><\/a><\/figure><\/li><li class=\"blocks-gallery-item\"><figure><a href=\"https:\/\/autyzmup.org\/wp-content\/uploads\/2019\/12\/w07.jpg\"><img decoding=\"async\" loading=\"lazy\" width=\"1024\" height=\"625\" src=\"https:\/\/autyzmup.org\/wp-content\/uploads\/2019\/12\/w07-1024x625.jpg\" alt=\"\" data-id=\"1766\" data-full-url=\"https:\/\/autyzmup.org\/wp-content\/uploads\/2019\/12\/w07.jpg\" data-link=\"https:\/\/autyzmup.org\/mmedia\/wizualizacja-centrum-autyzm-up\/w07\/\" class=\"wp-image-1766\" srcset=\"https:\/\/autyzmup.org\/wp-content\/uploads\/2019\/12\/w07-1024x625.jpg 1024w, https:\/\/autyzmup.org\/wp-content\/uploads\/2019\/12\/w07-600x366.jpg 600w, https:\/\/autyzmup.org\/wp-content\/uploads\/2019\/12\/w07-300x183.jpg 300w, https:\/\/autyzmup.org\/wp-content\/uploads\/2019\/12\/w07-768x469.jpg 768w, https:\/\/autyzmup.org\/wp-content\/uploads\/2019\/12\/w07.jpg 1467w\" sizes=\"(max-width: 1024px) 100vw, 1024px\" \/><\/a><\/figure><\/li><li class=\"blocks-gallery-item\"><figure><a href=\"https:\/\/autyzmup.org\/wp-content\/uploads\/2019\/12\/w06.jpg\"><img decoding=\"async\" loading=\"lazy\" width=\"1024\" height=\"625\" src=\"https:\/\/autyzmup.org\/wp-content\/uploads\/2019\/12\/w06-1024x625.jpg\" alt=\"\" data-id=\"1764\" data-full-url=\"https:\/\/autyzmup.org\/wp-content\/uploads\/2019\/12\/w06.jpg\" data-link=\"https:\/\/autyzmup.org\/mmedia\/wizualizacja-centrum-autyzm-up\/w06\/\" class=\"wp-image-1764\" srcset=\"https:\/\/autyzmup.org\/wp-content\/uploads\/2019\/12\/w06-1024x625.jpg 1024w, https:\/\/autyzmup.org\/wp-content\/uploads\/2019\/12\/w06-600x366.jpg 600w, https:\/\/autyzmup.org\/wp-content\/uploads\/2019\/12\/w06-300x183.jpg 300w, https:\/\/autyzmup.org\/wp-content\/uploads\/2019\/12\/w06-768x469.jpg 768w, https:\/\/autyzmup.org\/wp-content\/uploads\/2019\/12\/w06.jpg 1467w\" sizes=\"(max-width: 1024px) 100vw, 1024px\" \/><\/a><\/figure><\/li><li class=\"blocks-gallery-item\"><figure><a href=\"https:\/\/autyzmup.org\/wp-content\/uploads\/2019\/12\/w05.jpg\"><img decoding=\"async\" loading=\"lazy\" width=\"1024\" height=\"625\" src=\"https:\/\/autyzmup.org\/wp-content\/uploads\/2019\/12\/w05-1024x625.jpg\" alt=\"\" data-id=\"1762\" data-full-url=\"https:\/\/autyzmup.org\/wp-content\/uploads\/2019\/12\/w05.jpg\" data-link=\"https:\/\/autyzmup.org\/mmedia\/wizualizacja-centrum-autyzm-up\/w05\/\" class=\"wp-image-1762\" srcset=\"https:\/\/autyzmup.org\/wp-content\/uploads\/2019\/12\/w05-1024x625.jpg 1024w, https:\/\/autyzmup.org\/wp-content\/uploads\/2019\/12\/w05-600x366.jpg 600w, https:\/\/autyzmup.org\/wp-content\/uploads\/2019\/12\/w05-300x183.jpg 300w, https:\/\/autyzmup.org\/wp-content\/uploads\/2019\/12\/w05-768x469.jpg 768w, https:\/\/autyzmup.org\/wp-content\/uploads\/2019\/12\/w05.jpg 1467w\" sizes=\"(max-width: 1024px) 100vw, 1024px\" \/><\/a><\/figure><\/li><li class=\"blocks-gallery-item\"><figure><a href=\"https:\/\/autyzmup.org\/wp-content\/uploads\/2019\/12\/w04.jpg\"><img decoding=\"async\" loading=\"lazy\" width=\"1024\" height=\"625\" src=\"https:\/\/autyzmup.org\/wp-content\/uploads\/2019\/12\/w04-1024x625.jpg\" alt=\"\" data-id=\"1760\" data-full-url=\"https:\/\/autyzmup.org\/wp-content\/uploads\/2019\/12\/w04.jpg\" data-link=\"https:\/\/autyzmup.org\/mmedia\/wizualizacja-centrum-autyzm-up\/w04\/\" class=\"wp-image-1760\" srcset=\"https:\/\/autyzmup.org\/wp-content\/uploads\/2019\/12\/w04-1024x625.jpg 1024w, https:\/\/autyzmup.org\/wp-content\/uploads\/2019\/12\/w04-600x366.jpg 600w, https:\/\/autyzmup.org\/wp-content\/uploads\/2019\/12\/w04-300x183.jpg 300w, https:\/\/autyzmup.org\/wp-content\/uploads\/2019\/12\/w04-768x469.jpg 768w, https:\/\/autyzmup.org\/wp-content\/uploads\/2019\/12\/w04.jpg 1467w\" sizes=\"(max-width: 1024px) 100vw, 1024px\" \/><\/a><\/figure><\/li><li class=\"blocks-gallery-item\"><figure><a href=\"https:\/\/autyzmup.org\/wp-content\/uploads\/2019\/12\/w03.jpg\"><img decoding=\"async\" loading=\"lazy\" width=\"1024\" height=\"625\" src=\"https:\/\/autyzmup.org\/wp-content\/uploads\/2019\/12\/w03-1024x625.jpg\" alt=\"\" data-id=\"1758\" data-full-url=\"https:\/\/autyzmup.org\/wp-content\/uploads\/2019\/12\/w03.jpg\" data-link=\"https:\/\/autyzmup.org\/mmedia\/wizualizacja-centrum-autyzm-up\/w03\/\" class=\"wp-image-1758\" srcset=\"https:\/\/autyzmup.org\/wp-content\/uploads\/2019\/12\/w03-1024x625.jpg 1024w, https:\/\/autyzmup.org\/wp-content\/uploads\/2019\/12\/w03-600x366.jpg 600w, https:\/\/autyzmup.org\/wp-content\/uploads\/2019\/12\/w03-300x183.jpg 300w, https:\/\/autyzmup.org\/wp-content\/uploads\/2019\/12\/w03-768x469.jpg 768w, https:\/\/autyzmup.org\/wp-content\/uploads\/2019\/12\/w03.jpg 1467w\" sizes=\"(max-width: 1024px) 100vw, 1024px\" \/><\/a><\/figure><\/li><li class=\"blocks-gallery-item\"><figure><a href=\"https:\/\/autyzmup.org\/wp-content\/uploads\/2019\/12\/w02.jpg\"><img decoding=\"async\" loading=\"lazy\" width=\"1024\" height=\"625\" src=\"https:\/\/autyzmup.org\/wp-content\/uploads\/2019\/12\/w02-1024x625.jpg\" alt=\"\" data-id=\"1756\" data-full-url=\"https:\/\/autyzmup.org\/wp-content\/uploads\/2019\/12\/w02.jpg\" data-link=\"https:\/\/autyzmup.org\/mmedia\/wizualizacja-centrum-autyzm-up\/w02\/\" class=\"wp-image-1756\" srcset=\"https:\/\/autyzmup.org\/wp-content\/uploads\/2019\/12\/w02-1024x625.jpg 1024w, https:\/\/autyzmup.org\/wp-content\/uploads\/2019\/12\/w02-600x366.jpg 600w, https:\/\/autyzmup.org\/wp-content\/uploads\/2019\/12\/w02-300x183.jpg 300w, https:\/\/autyzmup.org\/wp-content\/uploads\/2019\/12\/w02-768x469.jpg 768w, https:\/\/autyzmup.org\/wp-content\/uploads\/2019\/12\/w02.jpg 1467w\" sizes=\"(max-width: 1024px) 100vw, 1024px\" \/><\/a><\/figure><\/li><li class=\"blocks-gallery-item\"><figure><a href=\"https:\/\/autyzmup.org\/wp-content\/uploads\/2019\/12\/w01.jpg\"><img decoding=\"async\" loading=\"lazy\" width=\"1024\" height=\"625\" src=\"https:\/\/autyzmup.org\/wp-content\/uploads\/2019\/12\/w01-1024x625.jpg\" alt=\"\" data-id=\"1754\" data-full-url=\"https:\/\/autyzmup.org\/wp-content\/uploads\/2019\/12\/w01.jpg\" data-link=\"https:\/\/autyzmup.org\/mmedia\/wizualizacja-centrum-autyzm-up\/w01\/\" class=\"wp-image-1754\" srcset=\"https:\/\/autyzmup.org\/wp-content\/uploads\/2019\/12\/w01-1024x625.jpg 1024w, https:\/\/autyzmup.org\/wp-content\/uploads\/2019\/12\/w01-600x366.jpg 600w, https:\/\/autyzmup.org\/wp-content\/uploads\/2019\/12\/w01-300x183.jpg 300w, https:\/\/autyzmup.org\/wp-content\/uploads\/2019\/12\/w01-768x469.jpg 768w, https:\/\/autyzmup.org\/wp-content\/uploads\/2019\/12\/w01.jpg 1467w\" sizes=\"(max-width: 1024px) 100vw, 1024px\" \/><\/a><\/figure><\/li><\/ul><\/figure>\n","protected":false},"excerpt":{"rendered":"<p>Autyzm Up Center<\/p>\n","protected":false},"author":1,"featured_media":1765,"parent":0,"menu_order":1,"comment_status":"closed","ping_status":"closed","template":"page-tpl-tekstowa.php","meta":{"ngg_post_thumbnail":0},"acf":[],"yoast_head":"<!-- This site is optimized with the Yoast SEO plugin v20.0 - https:\/\/yoast.com\/wordpress\/plugins\/seo\/ -->\n<title>Kampus Autyzm Up - AutyzmUP<\/title>\n<meta name=\"robots\" content=\"index, follow, max-snippet:-1, max-image-preview:large, max-video-preview:-1\" \/>\n<link rel=\"canonical\" href=\"https:\/\/autyzmup.org\/en\/kampus\/\" \/>\n<meta property=\"og:locale\" content=\"en_US\" \/>\n<meta property=\"og:type\" content=\"article\" \/>\n<meta property=\"og:title\" content=\"Kampus Autyzm Up - AutyzmUP\" \/>\n<meta property=\"og:description\" content=\"Autyzm Up Center\" \/>\n<meta property=\"og:url\" content=\"https:\/\/autyzmup.org\/en\/kampus\/\" \/>\n<meta property=\"og:site_name\" content=\"AutyzmUP\" \/>\n<meta property=\"article:modified_time\" content=\"2021-05-04T06:42:42+00:00\" \/>\n<meta property=\"og:image\" content=\"https:\/\/autyzmup.org\/wp-content\/uploads\/2019\/12\/w06.jpg\" \/>\n\t<meta property=\"og:image:width\" content=\"1467\" \/>\n\t<meta property=\"og:image:height\" content=\"895\" \/>\n\t<meta property=\"og:image:type\" content=\"image\/jpeg\" \/>\n<meta name=\"twitter:card\" content=\"summary_large_image\" \/>\n<script type=\"application\/ld+json\" class=\"yoast-schema-graph\">{\"@context\":\"https:\/\/schema.org\",\"@graph\":[{\"@type\":\"WebPage\",\"@id\":\"https:\/\/autyzmup.org\/en\/kampus\/\",\"url\":\"https:\/\/autyzmup.org\/en\/kampus\/\",\"name\":\"Kampus Autyzm Up - AutyzmUP\",\"isPartOf\":{\"@id\":\"https:\/\/autyzmup.org\/#website\"},\"datePublished\":\"2019-12-31T08:04:51+00:00\",\"dateModified\":\"2021-05-04T06:42:42+00:00\",\"breadcrumb\":{\"@id\":\"https:\/\/autyzmup.org\/en\/kampus\/#breadcrumb\"},\"inLanguage\":\"en-US\",\"potentialAction\":[{\"@type\":\"ReadAction\",\"target\":[\"https:\/\/autyzmup.org\/en\/kampus\/\"]}]},{\"@type\":\"BreadcrumbList\",\"@id\":\"https:\/\/autyzmup.org\/en\/kampus\/#breadcrumb\",\"itemListElement\":[{\"@type\":\"ListItem\",\"position\":1,\"name\":\"Strona g\u0142\u00f3wna\",\"item\":\"https:\/\/autyzmup.org\/en\/\"},{\"@type\":\"ListItem\",\"position\":2,\"name\":\"Kampus Autyzm Up\"}]},{\"@type\":\"WebSite\",\"@id\":\"https:\/\/autyzmup.org\/#website\",\"url\":\"https:\/\/autyzmup.org\/\",\"name\":\"AutyzmUP\",\"description\":\"Budujemy \u015bwiadom\u0105 spo\u0142eczno\u015b\u0107, kt&oacute;ra jest zaanga\u017cowana w popraw\u0119 jako\u015bci \u017cycia os&oacute;b z autyzmem i ich rodzin.\",\"publisher\":{\"@id\":\"https:\/\/autyzmup.org\/#organization\"},\"potentialAction\":[{\"@type\":\"SearchAction\",\"target\":{\"@type\":\"EntryPoint\",\"urlTemplate\":\"https:\/\/autyzmup.org\/?s={search_term_string}\"},\"query-input\":\"required name=search_term_string\"}],\"inLanguage\":\"en-US\"},{\"@type\":\"Organization\",\"@id\":\"https:\/\/autyzmup.org\/#organization\",\"name\":\"Fundacja Autyzm Up\",\"url\":\"https:\/\/autyzmup.org\/\",\"logo\":{\"@type\":\"ImageObject\",\"inLanguage\":\"en-US\",\"@id\":\"https:\/\/autyzmup.org\/#\/schema\/logo\/image\/\",\"url\":\"https:\/\/autyzmup.org\/wp-content\/uploads\/2019\/02\/login-h1-2.png\",\"contentUrl\":\"https:\/\/autyzmup.org\/wp-content\/uploads\/2019\/02\/login-h1-2.png\",\"width\":1427,\"height\":450,\"caption\":\"Fundacja Autyzm Up\"},\"image\":{\"@id\":\"https:\/\/autyzmup.org\/#\/schema\/logo\/image\/\"}}]}<\/script>\n<!-- \/ Yoast SEO plugin. -->","yoast_head_json":{"title":"Kampus Autyzm Up - AutyzmUP","robots":{"index":"index","follow":"follow","max-snippet":"max-snippet:-1","max-image-preview":"max-image-preview:large","max-video-preview":"max-video-preview:-1"},"canonical":"https:\/\/autyzmup.org\/en\/kampus\/","og_locale":"en_US","og_type":"article","og_title":"Kampus Autyzm Up - AutyzmUP","og_description":"Autyzm Up Center","og_url":"https:\/\/autyzmup.org\/en\/kampus\/","og_site_name":"AutyzmUP","article_modified_time":"2021-05-04T06:42:42+00:00","og_image":[{"width":1467,"height":895,"url":"https:\/\/autyzmup.org\/wp-content\/uploads\/2019\/12\/w06.jpg","type":"image\/jpeg"}],"twitter_card":"summary_large_image","schema":{"@context":"https:\/\/schema.org","@graph":[{"@type":"WebPage","@id":"https:\/\/autyzmup.org\/en\/kampus\/","url":"https:\/\/autyzmup.org\/en\/kampus\/","name":"Kampus Autyzm Up - AutyzmUP","isPartOf":{"@id":"https:\/\/autyzmup.org\/#website"},"datePublished":"2019-12-31T08:04:51+00:00","dateModified":"2021-05-04T06:42:42+00:00","breadcrumb":{"@id":"https:\/\/autyzmup.org\/en\/kampus\/#breadcrumb"},"inLanguage":"en-US","potentialAction":[{"@type":"ReadAction","target":["https:\/\/autyzmup.org\/en\/kampus\/"]}]},{"@type":"BreadcrumbList","@id":"https:\/\/autyzmup.org\/en\/kampus\/#breadcrumb","itemListElement":[{"@type":"ListItem","position":1,"name":"Strona g\u0142\u00f3wna","item":"https:\/\/autyzmup.org\/en\/"},{"@type":"ListItem","position":2,"name":"Kampus Autyzm Up"}]},{"@type":"WebSite","@id":"https:\/\/autyzmup.org\/#website","url":"https:\/\/autyzmup.org\/","name":"AutyzmUP","description":"Budujemy \u015bwiadom\u0105 spo\u0142eczno\u015b\u0107, kt&oacute;ra jest zaanga\u017cowana w popraw\u0119 jako\u015bci \u017cycia os&oacute;b z autyzmem i ich rodzin.","publisher":{"@id":"https:\/\/autyzmup.org\/#organization"},"potentialAction":[{"@type":"SearchAction","target":{"@type":"EntryPoint","urlTemplate":"https:\/\/autyzmup.org\/?s={search_term_string}"},"query-input":"required name=search_term_string"}],"inLanguage":"en-US"},{"@type":"Organization","@id":"https:\/\/autyzmup.org\/#organization","name":"Fundacja Autyzm Up","url":"https:\/\/autyzmup.org\/","logo":{"@type":"ImageObject","inLanguage":"en-US","@id":"https:\/\/autyzmup.org\/#\/schema\/logo\/image\/","url":"https:\/\/autyzmup.org\/wp-content\/uploads\/2019\/02\/login-h1-2.png","contentUrl":"https:\/\/autyzmup.org\/wp-content\/uploads\/2019\/02\/login-h1-2.png","width":1427,"height":450,"caption":"Fundacja Autyzm Up"},"image":{"@id":"https:\/\/autyzmup.org\/#\/schema\/logo\/image\/"}}]}},"_links":{"self":[{"href":"https:\/\/autyzmup.org\/en\/wp-json\/wp\/v2\/pages\/1863"}],"collection":[{"href":"https:\/\/autyzmup.org\/en\/wp-json\/wp\/v2\/pages"}],"about":[{"href":"https:\/\/autyzmup.org\/en\/wp-json\/wp\/v2\/types\/page"}],"author":[{"embeddable":true,"href":"https:\/\/autyzmup.org\/en\/wp-json\/wp\/v2\/users\/1"}],"replies":[{"embeddable":true,"href":"https:\/\/autyzmup.org\/en\/wp-json\/wp\/v2\/comments?post=1863"}],"version-history":[{"count":2,"href":"https:\/\/autyzmup.org\/en\/wp-json\/wp\/v2\/pages\/1863\/revisions"}],"predecessor-version":[{"id":2931,"href":"https:\/\/autyzmup.org\/en\/wp-json\/wp\/v2\/pages\/1863\/revisions\/2931"}],"wp:featuredmedia":[{"embeddable":true,"href":"https:\/\/autyzmup.org\/en\/wp-json\/wp\/v2\/media\/1765"}],"wp:attachment":[{"href":"https:\/\/autyzmup.org\/en\/wp-json\/wp\/v2\/media?parent=1863"}],"curies":[{"name":"wp","href":"https:\/\/api.w.org\/{rel}","templated":true}]}}